
{"id":10454,"date":"2017-07-14T16:53:42","date_gmt":"2017-07-14T16:53:42","guid":{"rendered":"https:\/\/postcron.com\/es\/blog\/?page_id=10454"},"modified":"2018-01-30T16:38:49","modified_gmt":"2018-01-30T16:38:49","slug":"agente-de-customer-care","status":"publish","type":"page","link":"https:\/\/postcron.com\/es\/blog\/agente-de-customer-care\/","title":{"rendered":"Agente de Customer Happiness"},"content":{"rendered":"<h1 style=\"text-align: center;\"><span style=\"color: #000000;\"><strong>\u00a0Agente de Customer\u00a0<b>Happiness<\/b>\u00a0\u00a0<\/strong><\/span><\/h1>\n<h1 style=\"text-align: center;\"><span style=\"color: #000000;\">\u00a1Te estamos buscando!<\/span><\/h1>\n<p>&nbsp;<\/p>\n<p><a href=\"https:\/\/s3.postcron.com\/blog-es\/2017\/07\/8a0988e7-babc-47d6-b9b8-dd1e76a5d209.png\"><img loading=\"lazy\" decoding=\"async\" class=\"aligncenter size-full wp-image-10468\" src=\"https:\/\/s3.postcron.com\/blog-es\/2017\/07\/8a0988e7-babc-47d6-b9b8-dd1e76a5d209.png\" alt=\"8a0988e7-babc-47d6-b9b8-dd1e76a5d209\" width=\"700\" height=\"366\" \/><\/a><\/p>\n<p>&nbsp;<\/p>\n<p>&nbsp;<\/p>\n<div class=\"container\">\n<div class=\"col-lg-8 col-lg-offset-2\">\n<p><span style=\"color: #000000;\">Somos<strong>\u00a0l\u00edderes en la generaci\u00f3n de negocios digitales<\/strong>\u00a0para grandes, medianas y peque\u00f1as empresas, enfocados en ofrecer soluciones avanzadas de\u00a0<strong><em>mercadeo y publicidad online<\/em><\/strong>\u00a0que permitan a nuestros clientes y usuarios mejorar la competitividad y productividad.<\/span><\/p>\n<p><span style=\"color: #000000;\">En Postcron, nuestro principal objetivo es ayudar a los usuarios a ahorrar tiempo, mediante herramientas que les facilitan y mejoran la presencia online de sus productos, marcas o empresas. <\/span><\/p>\n<p><span style=\"color: #000000;\">Actualmente tenemos 3 productos:\u00a0<\/span><\/p>\n<ol>\n<li><a href=\"https:\/\/postcron.com\/\" target=\"_blank\">Postcron para Social Media<\/a><\/li>\n<li><a href=\"https:\/\/postcron.com\/emailsender\/es\" target=\"_blank\">Postcron Newsletters<\/a><\/li>\n<li><a href=\"https:\/\/postcron.com\/artstudio\/\" target=\"_blank\">Postcron ArtStudio<\/a><\/li>\n<\/ol>\n<p><span style=\"color: #000000;\">Nuestro crecimiento y desarrollo nos permite:<\/span><\/p>\n<ul>\n<li><span style=\"color: #000000;\">tener usuarios en m\u00e1s de\u00a0<strong>170 pa\u00edses<\/strong>,<\/span><\/li>\n<li><span style=\"color: #000000;\">desarrollar productos en\u00a0<strong>6 idiomas<\/strong>,<\/span><\/li>\n<li><span style=\"color: #000000;\">gestionar m\u00e1s de 3 millones de cuentas sociales .<\/span><\/li>\n<\/ul>\n<p><span style=\"color: #000000;\">Conoce m\u00e1s sobre nosotros\u00a0<\/span><a href=\"http:\/\/localhost\/sobre-nosotros\/\" target=\"_blank\">aqu\u00ed<\/a>\u200b<\/p>\n<p><span style=\"color: #000000;\">El trabajo en equipo y la mejora continua son pilares esenciales de nuestra compa\u00f1\u00eda! Junto a nosotros\u00a0<strong>tendr\u00e1s la oportunidad de desarrollarte profesionalmente y enriquecer tu experiencia laboral.<\/strong><\/span><\/p>\n<h2 class=\"lead\"><span style=\"color: #000000;\">Queremos un verdadero Experto en Atenci\u00f3n al Cliente<strong>\u00a0<\/strong>para sumar a nuestro<strong>\u00a0equipo de C\u00f3rdoba<\/strong>&#8230;<\/span><\/h2>\n<p style=\"text-align: center;\"><span style=\"color: #000000;\"><em><strong>Si sos una persona a la que le gustan los desaf\u00edos, trabajar por objetivos y apasionada por lo que hace, esto es para vos!<\/strong><\/em><\/span><\/p>\n<\/div>\n<\/div>\n<hr \/>\n<div class=\"container\">\n<div class=\"col-lg-8 col-lg-offset-2\">\n<div class=\"col-lg-8\">\n<h3><strong><span style=\"color: #000000;\">De qu\u00e9 se trata tu posici\u00f3n?<\/span><\/strong><\/h3>\n<p dir=\"ltr\"><span style=\"color: #000000;\">Como <strong>Representante de Customer Happiness<\/strong>\u00a0de la compa\u00f1\u00eda, deber\u00e1s brindar atenci\u00f3n a los usuarios, asesorarlos en el uso de la plataforma, resolviendo sus consultas en tiempo y forma, para garantizar su satisfacci\u00f3n.<\/span><\/p>\n<p><span style=\"color: #000000;\">Entre tus responsabilidades se destaca el conocimiento del producto para poder brindar respuestas a las preguntas de los usuarios. La resoluci\u00f3n de consultas, implica t\u00e9cnicas de verificaci\u00f3n y revisi\u00f3n, que deber\u00e1n realizarse respetando los procesos organizacionales.<\/span><\/p>\n<p dir=\"ltr\"><span style=\"color: #000000;\">Adem\u00e1s deber\u00e1s realizar un an\u00e1lisis de la informaci\u00f3n recolectada de las consultas, para identificar mejoras u oportunidades de negocio con el fin de retener y adquirir clientes.<\/span><\/p>\n<h4><span style=\"color: #000000;\">Cu\u00e1les deber\u00e1n ser tus habilidades y competencias?<\/span><\/h4>\n<ul>\n<li dir=\"ltr\"><span style=\"color: #000000;\">Conocimiento del negocio<\/span><\/li>\n<li dir=\"ltr\"><span style=\"color: #000000;\">Conocimiento del producto<\/span><\/li>\n<li dir=\"ltr\"><span style=\"color: #000000;\">Gesti\u00f3n del cambio<\/span><\/li>\n<li dir=\"ltr\"><span style=\"color: #000000;\">An\u00e1lisis de causas\/problemas<\/span><\/li>\n<li dir=\"ltr\"><span style=\"color: #000000;\">Gesti\u00f3n de reclamos<\/span><\/li>\n<li dir=\"ltr\"><span style=\"color: #000000;\">Resoluci\u00f3n de problemas<\/span><\/li>\n<li dir=\"ltr\"><span style=\"color: #000000;\">Toma de decisiones<\/span><\/li>\n<li dir=\"ltr\"><span style=\"color: #000000;\">Comunicaci\u00f3n<\/span><\/li>\n<\/ul>\n<h4><span style=\"color: #000000;\">Requisitos:<\/span><\/h4>\n<ul>\n<li dir=\"ltr\">\n<p dir=\"ltr\"><span style=\"color: #000000;\">Edad: entre 20 y 30 a\u00f1os.<\/span><\/p>\n<\/li>\n<li dir=\"ltr\">\n<p dir=\"ltr\"><span style=\"color: #000000;\">Sexo: Indistinto.<\/span><\/p>\n<\/li>\n<li dir=\"ltr\"><span style=\"color: #000000;\">Educaci\u00f3n:\u00a0<\/span><br \/>\n<span style=\"color: #000000;\"> &#8211;\u00a0Comunicaci\u00f3n \/ Periodismo<\/span><\/p>\n<p dir=\"ltr\"><span style=\"color: #000000;\">&#8211; Community Manager<\/span><\/p>\n<p dir=\"ltr\"><span style=\"color: #000000;\">&#8211; Carreras afines<\/span><\/p>\n<\/li>\n<\/ul>\n<h4><span style=\"color: #000000;\">Experiencia:<\/span><\/h4>\n<ul>\n<li dir=\"ltr\"><span style=\"color: #000000;\">Experiencia: 1 a\u00f1o en posiciones similares<\/span><\/li>\n<li dir=\"ltr\"><span style=\"color: #000000;\">Administraci\u00f3n y Gesti\u00f3n de Redes Sociales<\/span><\/li>\n<li dir=\"ltr\"><span style=\"color: #000000;\">Idiomas: Ingl\u00e9s (avanzado) y Portugu\u00e9s<\/span><\/li>\n<\/ul>\n<h3><span style=\"color: #000000;\"><strong>Te ofrecemos:<\/strong><\/span><\/h3>\n<ul>\n<li><span style=\"color: #000000;\">Infraestructura High Tech: Apple devices<\/span><\/li>\n<li><span style=\"color: #000000;\">Obra social: Swiss Medical<\/span><\/li>\n<li><span style=\"color: #000000;\">Jornada: full time<\/span><\/li>\n<li><span style=\"color: #000000;\">Beneficios extras:<\/span>\n<ul>\n<li><span style=\"color: #000000;\">Onboarding package<\/span><\/li>\n<li><span style=\"color: #000000;\">Almuerzos, caf\u00e9, snacks incluidos<\/span><\/li>\n<\/ul>\n<\/li>\n<\/ul>\n<p class=\"lead\"><span style=\"color: #000000;\">\u00a0<\/span><\/p>\n<\/div>\n<div class=\"col-lg-4\">\n<div class=\"col-lg-12\" style=\"background-color: #f70; color: #fff; border-radius: 15px; padding: 15px 20px; margin-top: 20px;\">\n<h3 style=\"text-align: left;\"><span style=\"color: #ffffff;\"><strong>Agente de Customer<br \/>\n<span style=\"color: #ffffff;\"><b>Happiness<\/b><\/span><\/strong><\/span><\/h3>\n<p>D\u00e9janos tu CV aqu\u00ed<\/p>\n<\/div>\n<\/div>\n<\/div>\n<\/div>\n<hr \/>\n<div class=\"col-lg-8 col-lg-offset-2 text-center\">\n<h4><span style=\"color: #808080;\">Est\u00e1s list@?\u00a0Puedes dejarnos tu CV en el formulario de esta p\u00e1gina o bien, enviarlo a veronica@postcron.com<\/span><\/h4>\n<p>Y no olvides compartir esta informaci\u00f3n si conoces a alguien a quien pueda interesarle&#8230; \ud83d\ude42<\/p>\n<\/div>\n","protected":false},"excerpt":{"rendered":"<p>\u00a0Agente de Customer\u00a0Happiness\u00a0\u00a0 \u00a1Te estamos buscando! &nbsp; &nbsp; &nbsp; Somos\u00a0l\u00edderes en la generaci\u00f3n de negocios digitales\u00a0para grandes, medianas y peque\u00f1as empresas, enfocados en ofrecer soluciones avanzadas de\u00a0mercadeo y publicidad online\u00a0que permitan a nuestros clientes y usuarios mejorar la competitividad y productividad. En Postcron, nuestro principal objetivo es ayudar a los usuarios a ahorrar tiempo, mediante [&hellip;]<\/p>\n","protected":false},"author":1,"featured_media":0,"parent":0,"menu_order":0,"comment_status":"closed","ping_status":"closed","template":"","meta":{"two_page_speed":[],"footnotes":""},"class_list":["post-10454","page","type-page","status-publish","hentry"],"yoast_head":"<!-- This site is optimized with the Yoast SEO plugin v24.8.1 - https:\/\/yoast.com\/wordpress\/plugins\/seo\/ -->\n<title>Agente de Customer Happiness - Postcron \u2013 Blog de Marketing en Redes Sociales y de Marketing Digital<\/title>\n<meta name=\"robots\" content=\"index, follow, max-snippet:-1, max-image-preview:large, max-video-preview:-1\" \/>\n<link rel=\"canonical\" href=\"https:\/\/postcron.com\/es\/blog\/agente-de-customer-care\/\" \/>\n<meta property=\"og:locale\" content=\"es_ES\" \/>\n<meta property=\"og:type\" content=\"article\" \/>\n<meta property=\"og:title\" content=\"Agente de Customer Happiness - Postcron \u2013 Blog de Marketing en Redes Sociales y de Marketing Digital\" \/>\n<meta property=\"og:description\" content=\"\u00a0Agente de Customer\u00a0Happiness\u00a0\u00a0 \u00a1Te estamos buscando! &nbsp; &nbsp; &nbsp; Somos\u00a0l\u00edderes en la generaci\u00f3n de negocios digitales\u00a0para grandes, medianas y peque\u00f1as empresas, enfocados en ofrecer soluciones avanzadas de\u00a0mercadeo y publicidad online\u00a0que permitan a nuestros clientes y usuarios mejorar la competitividad y productividad. En Postcron, nuestro principal objetivo es ayudar a los usuarios a ahorrar tiempo, mediante [&hellip;]\" \/>\n<meta property=\"og:url\" content=\"https:\/\/postcron.com\/es\/blog\/agente-de-customer-care\/\" \/>\n<meta property=\"og:site_name\" content=\"Postcron \u2013 Blog de Marketing en Redes Sociales y de Marketing Digital\" \/>\n<meta property=\"article:modified_time\" content=\"2018-01-30T16:38:49+00:00\" \/>\n<meta property=\"og:image\" content=\"https:\/\/s3.postcron.com\/blog-es\/2017\/07\/8a0988e7-babc-47d6-b9b8-dd1e76a5d209.png\" \/>\n<meta name=\"twitter:card\" content=\"summary_large_image\" \/>\n<meta name=\"twitter:label1\" content=\"Tiempo de lectura\" \/>\n\t<meta name=\"twitter:data1\" content=\"2 minutos\" \/>\n<script type=\"application\/ld+json\" class=\"yoast-schema-graph\">{\"@context\":\"https:\/\/schema.org\",\"@graph\":[{\"@type\":\"WebPage\",\"@id\":\"https:\/\/postcron.com\/es\/blog\/agente-de-customer-care\/\",\"url\":\"https:\/\/postcron.com\/es\/blog\/agente-de-customer-care\/\",\"name\":\"Agente de Customer Happiness - Postcron \u2013 Blog de Marketing en Redes Sociales y de Marketing Digital\",\"isPartOf\":{\"@id\":\"https:\/\/postcron.com\/es\/blog\/#website\"},\"primaryImageOfPage\":{\"@id\":\"https:\/\/postcron.com\/es\/blog\/agente-de-customer-care\/#primaryimage\"},\"image\":{\"@id\":\"https:\/\/postcron.com\/es\/blog\/agente-de-customer-care\/#primaryimage\"},\"thumbnailUrl\":\"https:\/\/s3.postcron.com\/blog-es\/2017\/07\/8a0988e7-babc-47d6-b9b8-dd1e76a5d209.png\",\"datePublished\":\"2017-07-14T16:53:42+00:00\",\"dateModified\":\"2018-01-30T16:38:49+00:00\",\"breadcrumb\":{\"@id\":\"https:\/\/postcron.com\/es\/blog\/agente-de-customer-care\/#breadcrumb\"},\"inLanguage\":\"es-AR\",\"potentialAction\":[{\"@type\":\"ReadAction\",\"target\":[\"https:\/\/postcron.com\/es\/blog\/agente-de-customer-care\/\"]}]},{\"@type\":\"ImageObject\",\"inLanguage\":\"es-AR\",\"@id\":\"https:\/\/postcron.com\/es\/blog\/agente-de-customer-care\/#primaryimage\",\"url\":\"https:\/\/s3.postcron.com\/blog-es\/2017\/07\/8a0988e7-babc-47d6-b9b8-dd1e76a5d209.png\",\"contentUrl\":\"https:\/\/s3.postcron.com\/blog-es\/2017\/07\/8a0988e7-babc-47d6-b9b8-dd1e76a5d209.png\"},{\"@type\":\"BreadcrumbList\",\"@id\":\"https:\/\/postcron.com\/es\/blog\/agente-de-customer-care\/#breadcrumb\",\"itemListElement\":[{\"@type\":\"ListItem\",\"position\":1,\"name\":\"Inicio\",\"item\":\"https:\/\/postcron.com\/es\/blog\/\"},{\"@type\":\"ListItem\",\"position\":2,\"name\":\"Agente de Customer Happiness\"}]},{\"@type\":\"WebSite\",\"@id\":\"https:\/\/postcron.com\/es\/blog\/#website\",\"url\":\"https:\/\/postcron.com\/es\/blog\/\",\"name\":\"Postcron \u2013 Blog de Marketing en Redes Sociales y de Marketing Digital\",\"description\":\"\",\"potentialAction\":[{\"@type\":\"SearchAction\",\"target\":{\"@type\":\"EntryPoint\",\"urlTemplate\":\"https:\/\/postcron.com\/es\/blog\/?s={search_term_string}\"},\"query-input\":{\"@type\":\"PropertyValueSpecification\",\"valueRequired\":true,\"valueName\":\"search_term_string\"}}],\"inLanguage\":\"es-AR\"}]}<\/script>\n<!-- \/ Yoast SEO plugin. -->","yoast_head_json":{"title":"Agente de Customer Happiness - Postcron \u2013 Blog de Marketing en Redes Sociales y de Marketing Digital","robots":{"index":"index","follow":"follow","max-snippet":"max-snippet:-1","max-image-preview":"max-image-preview:large","max-video-preview":"max-video-preview:-1"},"canonical":"https:\/\/postcron.com\/es\/blog\/agente-de-customer-care\/","og_locale":"es_ES","og_type":"article","og_title":"Agente de Customer Happiness - Postcron \u2013 Blog de Marketing en Redes Sociales y de Marketing Digital","og_description":"\u00a0Agente de Customer\u00a0Happiness\u00a0\u00a0 \u00a1Te estamos buscando! &nbsp; &nbsp; &nbsp; Somos\u00a0l\u00edderes en la generaci\u00f3n de negocios digitales\u00a0para grandes, medianas y peque\u00f1as empresas, enfocados en ofrecer soluciones avanzadas de\u00a0mercadeo y publicidad online\u00a0que permitan a nuestros clientes y usuarios mejorar la competitividad y productividad. En Postcron, nuestro principal objetivo es ayudar a los usuarios a ahorrar tiempo, mediante [&hellip;]","og_url":"https:\/\/postcron.com\/es\/blog\/agente-de-customer-care\/","og_site_name":"Postcron \u2013 Blog de Marketing en Redes Sociales y de Marketing Digital","article_modified_time":"2018-01-30T16:38:49+00:00","og_image":[{"url":"https:\/\/s3.postcron.com\/blog-es\/2017\/07\/8a0988e7-babc-47d6-b9b8-dd1e76a5d209.png","type":"","width":"","height":""}],"twitter_card":"summary_large_image","twitter_misc":{"Tiempo de lectura":"2 minutos"},"schema":{"@context":"https:\/\/schema.org","@graph":[{"@type":"WebPage","@id":"https:\/\/postcron.com\/es\/blog\/agente-de-customer-care\/","url":"https:\/\/postcron.com\/es\/blog\/agente-de-customer-care\/","name":"Agente de Customer Happiness - Postcron \u2013 Blog de Marketing en Redes Sociales y de Marketing Digital","isPartOf":{"@id":"https:\/\/postcron.com\/es\/blog\/#website"},"primaryImageOfPage":{"@id":"https:\/\/postcron.com\/es\/blog\/agente-de-customer-care\/#primaryimage"},"image":{"@id":"https:\/\/postcron.com\/es\/blog\/agente-de-customer-care\/#primaryimage"},"thumbnailUrl":"https:\/\/s3.postcron.com\/blog-es\/2017\/07\/8a0988e7-babc-47d6-b9b8-dd1e76a5d209.png","datePublished":"2017-07-14T16:53:42+00:00","dateModified":"2018-01-30T16:38:49+00:00","breadcrumb":{"@id":"https:\/\/postcron.com\/es\/blog\/agente-de-customer-care\/#breadcrumb"},"inLanguage":"es-AR","potentialAction":[{"@type":"ReadAction","target":["https:\/\/postcron.com\/es\/blog\/agente-de-customer-care\/"]}]},{"@type":"ImageObject","inLanguage":"es-AR","@id":"https:\/\/postcron.com\/es\/blog\/agente-de-customer-care\/#primaryimage","url":"https:\/\/s3.postcron.com\/blog-es\/2017\/07\/8a0988e7-babc-47d6-b9b8-dd1e76a5d209.png","contentUrl":"https:\/\/s3.postcron.com\/blog-es\/2017\/07\/8a0988e7-babc-47d6-b9b8-dd1e76a5d209.png"},{"@type":"BreadcrumbList","@id":"https:\/\/postcron.com\/es\/blog\/agente-de-customer-care\/#breadcrumb","itemListElement":[{"@type":"ListItem","position":1,"name":"Inicio","item":"https:\/\/postcron.com\/es\/blog\/"},{"@type":"ListItem","position":2,"name":"Agente de Customer Happiness"}]},{"@type":"WebSite","@id":"https:\/\/postcron.com\/es\/blog\/#website","url":"https:\/\/postcron.com\/es\/blog\/","name":"Postcron \u2013 Blog de Marketing en Redes Sociales y de Marketing Digital","description":"","potentialAction":[{"@type":"SearchAction","target":{"@type":"EntryPoint","urlTemplate":"https:\/\/postcron.com\/es\/blog\/?s={search_term_string}"},"query-input":{"@type":"PropertyValueSpecification","valueRequired":true,"valueName":"search_term_string"}}],"inLanguage":"es-AR"}]}},"_links":{"self":[{"href":"https:\/\/postcron.com\/es\/blog\/wp-json\/wp\/v2\/pages\/10454","targetHints":{"allow":["GET"]}}],"collection":[{"href":"https:\/\/postcron.com\/es\/blog\/wp-json\/wp\/v2\/pages"}],"about":[{"href":"https:\/\/postcron.com\/es\/blog\/wp-json\/wp\/v2\/types\/page"}],"author":[{"embeddable":true,"href":"https:\/\/postcron.com\/es\/blog\/wp-json\/wp\/v2\/users\/1"}],"replies":[{"embeddable":true,"href":"https:\/\/postcron.com\/es\/blog\/wp-json\/wp\/v2\/comments?post=10454"}],"version-history":[{"count":12,"href":"https:\/\/postcron.com\/es\/blog\/wp-json\/wp\/v2\/pages\/10454\/revisions"}],"predecessor-version":[{"id":11544,"href":"https:\/\/postcron.com\/es\/blog\/wp-json\/wp\/v2\/pages\/10454\/revisions\/11544"}],"wp:attachment":[{"href":"https:\/\/postcron.com\/es\/blog\/wp-json\/wp\/v2\/media?parent=10454"}],"curies":[{"name":"wp","href":"https:\/\/api.w.org\/{rel}","templated":true}]}}