
{"id":7489,"date":"2016-06-02T15:28:26","date_gmt":"2016-06-02T15:28:26","guid":{"rendered":"https:\/\/postcron.com\/es\/blog\/?page_id=7489"},"modified":"2019-02-11T18:25:01","modified_gmt":"2019-02-11T18:25:01","slug":"sobre-nosotros","status":"publish","type":"page","link":"https:\/\/postcron.com\/es\/blog\/sobre-nosotros\/","title":{"rendered":"Sobre nosotros"},"content":{"rendered":"<div class=\"own-page\">\n<div class=\"container-fluid header\">\n<h1>ESTO ES POSTCRON<\/h1>\n<\/div>\n<div class=\"container\">\n<div class=\"col-lg-8 col-lg-offset-2 text-center\">\n<h2 style=\"margin: 30px 0; text-transform: none;\">El G\u00e9nesis de Postcron<\/h2>\n<div class=\"col-lg-12 col-md-12 col-sm-12 col-xs-12\"><img decoding=\"async\" title=\"Postcron\" src=\"https:\/\/s3.postcron.com\/blog-es\/2016\/07\/leaders_01.jpg\" alt=\"Postcron\" width=\"100%\" \/><\/div>\n<div class=\"col-lg-12 col-md-12 col-sm-12 col-xs-12\">\n<p style=\"margin: 40px 0 20px 0; color: #999;\"><a href=\"\/\/postcron.com\" target=\"_blank\" rel=\"noopener\">Postcron<\/a> fue creada en Amsterdam por Alejandro Rigatusso y luego de conseguir gran presencia en el mercado mundial fue adquirida por <a href=\"\/\/www.socialtools.me\" target=\"_blank\" rel=\"noopener\">SocialToolsUSA Inc.<\/a> <strong>Lucas Emma<\/strong> y <strong>Germ\u00e1n Merlo<\/strong> (fundadores de SocialTools.me) coincidieron en que <strong>Postcron.com<\/strong> era la herramienta que har\u00eda feliz a millones de personas permiti\u00e9ndoles ahorrar mucho tiempo (y dinero!) al momento gestionar sus redes sociales.<\/p>\n<p style=\"margin: 40px 0 20px 0; color: #999;\">A principios de 2019 Postcron fue adquirida por <strong>App Holdings<\/strong>, un grupo empresario de Estados Unidos, dedicado a la generaci\u00f3n y adquisici\u00f3n de negocios digitales de gran escala. Su objetivo es colocar a <strong>Postcron<\/strong> en el top 3 dentro de las herramientas digitales de gesti\u00f3n y calendarizaci\u00f3n de contenido para Redes Sociales<\/p>\n<p>&nbsp;<\/p>\n<\/div>\n<\/div>\n<\/div>\n<div class=\"container-fluid section\" style=\"background-image: url('https:\/\/s3.postcron.com\/blog-es\/2016\/07\/back_team.jpg');\">\n<div class=\"container\">\n<div class=\"pill col-lg-6 col-lg-offset-6 col-xs-12\">\n<p><span class=\"label label-default\">The Best Place to Work <\/span><\/p>\n<h2>Un gran equipo ejecutando grandes ideas!<\/h2>\n<p class=\"lead\">Postcron: Todos en la misma p\u00e1gina!<\/p>\n<ul>\n<li>Hambre por logros<\/li>\n<li>Entusiasmo, energ\u00eda, tenacidad y competencia<\/li>\n<li>Siempre m\u00e1s<\/li>\n<li>Trabajo duro<\/li>\n<li>Compromiso por el trabajo en equipo<\/li>\n<li>Is committed<\/li>\n<li>Cont\u00ednuo impulso hacia la perfecci\u00f3n<\/li>\n<\/ul>\n<\/div>\n<\/div>\n<\/div>\n<div class=\"container-fluid section\" style=\"background-image: url('https:\/\/s3.postcron.com\/blog-es\/2016\/07\/back_map_01.jpg');\">\n<div class=\"container\">\n<div class=\"pill col-lg-6 col-xs-12\">\n<p><span class=\"label label-default\">Crecimiento escalable <\/span><\/p>\n<h2>Soluci\u00f3n global<\/h2>\n<p class=\"lead\">Postcron brinda soporte a m\u00e1s de <strong>2,5MM<\/strong> de cuentas sociales en <strong>175 pa\u00edses<\/strong> en todo el mundo.<\/p>\n<ul>\n<li>EN &#8211; English<\/li>\n<li>ES &#8211; Espa\u00f1ol<\/li>\n<li>PT &#8211; Portugu\u00eas<\/li>\n<li>DE &#8211; Deutsch<\/li>\n<li>IT &#8211; Italiano<\/li>\n<li>FR &#8211; Fran\u00e7ais<\/li>\n<\/ul>\n<\/div>\n<\/div>\n<\/div>\n<div class=\"container-fluid section\" style=\"background-image: url('https:\/\/s3.postcron.com\/blog-es\/2016\/07\/back_taem_down.jpg');\">\n<div class=\"container\">\n<div class=\"pill col-lg-6 col-lg-offset-6 col-xs-12\">\n<p><span class=\"label label-default\">Socios Estrat\u00e9gicos<\/span><\/p>\n<h2>Ellos potencian y validan el proyecto<\/h2>\n<p><a href=\"http:\/\/wayra.co\/ar\" target=\"_blank\" rel=\"noopener\"><img decoding=\"async\" style=\"margin-right: 20px;\" src=\"http:\/\/wayra.co\/wp-content\/themes\/wayra\/css\/layout\/logonav-wayra.png\" alt=\"Wayra Argentina\" height=\"45px\" \/><\/a> <a href=\"http:\/\/500.co\/\" target=\"_blank\" rel=\"noopener\"><img decoding=\"async\" src=\"http:\/\/500.co\/wp-content\/uploads\/2015\/01\/500-black.png\" alt=\"500 Startups\" height=\"45px\" \/><\/a><\/p>\n<p><a href=\"http:\/\/wayra.co\/ar\" target=\"_blank\" rel=\"noopener\">Wayra<\/a> es la incubadora tecnol\u00f3gica del Grupo Telef\u00f3nica (13 pa\u00edses) y <a href=\"http:\/\/500.co\/\" target=\"_blank\" rel=\"noopener\">500 Startups<\/a> es una de las 2 aceleradoras de negocio m\u00e1s importantes del mundo. Ambos confiaron en el potencial del equipo, en la visi\u00f3n de negocio y en el hambre de crear un proyecto global de alto impacto.<\/p>\n<\/div>\n<\/div>\n<\/div>\n<div class=\"container assets\">\n<div class=\"col-lg-8 col-lg-offset-2 col-xs-12 text-center\">\n<h2 style=\"margin-bottom: 40px;\">Todo lo que necesitas&#8230; y m\u00e1s<\/h2>\n<div class=\"col-lg-4 col-xs-12 more\"><a href=\"http:\/\/localhost\/sumate-al-equipo\/\"><br \/>\n<img decoding=\"async\" style=\"margin-bottom: 20px;\" src=\"https:\/\/s3.postcron.com\/blog-es\/2016\/07\/sumarse.png\" width=\"200\" \/><br \/>\n<span style=\"color: #f80; font-weight: bold;\"><br \/>\nS\u00famate al equipo<br \/>\n<\/span><br \/>\n<\/a><\/div>\n<div class=\"col-lg-4 col-xs-12 more\"><a href=\"http:\/\/localhost\/piezas-de-identidad\/\"><br \/>\n<img decoding=\"async\" style=\"margin-bottom: 20px;\" src=\"https:\/\/s3.postcron.com\/blog-es\/2016\/07\/identidad.png\" width=\"200\" \/><br \/>\n<span style=\"color: #f80; font-weight: bold;\"><br \/>\nPiezas de identidad<br \/>\n<\/span><br \/>\n<\/a><\/div>\n<div class=\"col-lg-4 col-xs-12 more\"><a href=\"#\"><br \/>\n<img decoding=\"async\" style=\"margin-bottom: 20px;\" src=\"https:\/\/s3.postcron.com\/blog-es\/2016\/07\/prensa.png\" width=\"200\" \/><br \/>\n<span style=\"color: #f80; font-weight: bold;\"><br \/>\nPrensa y medios<br \/>\n<\/span><br \/>\n<\/a><\/div>\n<\/div>\n<\/div>\n<\/div>\n","protected":false},"excerpt":{"rendered":"<p>ESTO ES POSTCRON El G\u00e9nesis de Postcron Postcron fue creada en Amsterdam por Alejandro Rigatusso y luego de conseguir gran presencia en el mercado mundial fue adquirida por SocialToolsUSA Inc. Lucas Emma y Germ\u00e1n Merlo (fundadores de SocialTools.me) coincidieron en que Postcron.com era la herramienta que har\u00eda feliz a millones de personas permiti\u00e9ndoles ahorrar mucho [&hellip;]<\/p>\n","protected":false},"author":1,"featured_media":0,"parent":0,"menu_order":0,"comment_status":"closed","ping_status":"closed","template":"","meta":{"two_page_speed":[],"footnotes":""},"class_list":["post-7489","page","type-page","status-publish","hentry"],"yoast_head":"<!-- This site is optimized with the Yoast SEO plugin v24.8.1 - https:\/\/yoast.com\/wordpress\/plugins\/seo\/ -->\n<title>Sobre nosotros - Postcron \u2013 Blog de Marketing en Redes Sociales y de Marketing Digital<\/title>\n<meta name=\"robots\" content=\"index, follow, max-snippet:-1, max-image-preview:large, max-video-preview:-1\" \/>\n<link rel=\"canonical\" href=\"https:\/\/postcron.com\/es\/blog\/sobre-nosotros\/\" \/>\n<meta property=\"og:locale\" content=\"es_ES\" \/>\n<meta property=\"og:type\" content=\"article\" \/>\n<meta property=\"og:title\" content=\"Sobre nosotros - Postcron \u2013 Blog de Marketing en Redes Sociales y de Marketing Digital\" \/>\n<meta property=\"og:description\" content=\"ESTO ES POSTCRON El G\u00e9nesis de Postcron Postcron fue creada en Amsterdam por Alejandro Rigatusso y luego de conseguir gran presencia en el mercado mundial fue adquirida por SocialToolsUSA Inc. Lucas Emma y Germ\u00e1n Merlo (fundadores de SocialTools.me) coincidieron en que Postcron.com era la herramienta que har\u00eda feliz a millones de personas permiti\u00e9ndoles ahorrar mucho [&hellip;]\" \/>\n<meta property=\"og:url\" content=\"https:\/\/postcron.com\/es\/blog\/sobre-nosotros\/\" \/>\n<meta property=\"og:site_name\" content=\"Postcron \u2013 Blog de Marketing en Redes Sociales y de Marketing Digital\" \/>\n<meta property=\"article:modified_time\" content=\"2019-02-11T18:25:01+00:00\" \/>\n<meta property=\"og:image\" content=\"https:\/\/s3.postcron.com\/blog-es\/2016\/07\/leaders_01.jpg\" \/>\n<meta name=\"twitter:card\" content=\"summary_large_image\" \/>\n<meta name=\"twitter:label1\" content=\"Tiempo de lectura\" \/>\n\t<meta name=\"twitter:data1\" content=\"1 minuto\" \/>\n<script type=\"application\/ld+json\" class=\"yoast-schema-graph\">{\"@context\":\"https:\/\/schema.org\",\"@graph\":[{\"@type\":\"WebPage\",\"@id\":\"https:\/\/postcron.com\/es\/blog\/sobre-nosotros\/\",\"url\":\"https:\/\/postcron.com\/es\/blog\/sobre-nosotros\/\",\"name\":\"Sobre nosotros - Postcron \u2013 Blog de Marketing en Redes Sociales y de Marketing Digital\",\"isPartOf\":{\"@id\":\"https:\/\/postcron.com\/es\/blog\/#website\"},\"primaryImageOfPage\":{\"@id\":\"https:\/\/postcron.com\/es\/blog\/sobre-nosotros\/#primaryimage\"},\"image\":{\"@id\":\"https:\/\/postcron.com\/es\/blog\/sobre-nosotros\/#primaryimage\"},\"thumbnailUrl\":\"https:\/\/s3.postcron.com\/blog-es\/2016\/07\/leaders_01.jpg\",\"datePublished\":\"2016-06-02T15:28:26+00:00\",\"dateModified\":\"2019-02-11T18:25:01+00:00\",\"breadcrumb\":{\"@id\":\"https:\/\/postcron.com\/es\/blog\/sobre-nosotros\/#breadcrumb\"},\"inLanguage\":\"es-AR\",\"potentialAction\":[{\"@type\":\"ReadAction\",\"target\":[\"https:\/\/postcron.com\/es\/blog\/sobre-nosotros\/\"]}]},{\"@type\":\"ImageObject\",\"inLanguage\":\"es-AR\",\"@id\":\"https:\/\/postcron.com\/es\/blog\/sobre-nosotros\/#primaryimage\",\"url\":\"https:\/\/s3.postcron.com\/blog-es\/2016\/07\/leaders_01.jpg\",\"contentUrl\":\"https:\/\/s3.postcron.com\/blog-es\/2016\/07\/leaders_01.jpg\"},{\"@type\":\"BreadcrumbList\",\"@id\":\"https:\/\/postcron.com\/es\/blog\/sobre-nosotros\/#breadcrumb\",\"itemListElement\":[{\"@type\":\"ListItem\",\"position\":1,\"name\":\"Inicio\",\"item\":\"https:\/\/postcron.com\/es\/blog\/\"},{\"@type\":\"ListItem\",\"position\":2,\"name\":\"Sobre nosotros\"}]},{\"@type\":\"WebSite\",\"@id\":\"https:\/\/postcron.com\/es\/blog\/#website\",\"url\":\"https:\/\/postcron.com\/es\/blog\/\",\"name\":\"Postcron \u2013 Blog de Marketing en Redes Sociales y de Marketing Digital\",\"description\":\"\",\"potentialAction\":[{\"@type\":\"SearchAction\",\"target\":{\"@type\":\"EntryPoint\",\"urlTemplate\":\"https:\/\/postcron.com\/es\/blog\/?s={search_term_string}\"},\"query-input\":{\"@type\":\"PropertyValueSpecification\",\"valueRequired\":true,\"valueName\":\"search_term_string\"}}],\"inLanguage\":\"es-AR\"}]}<\/script>\n<!-- \/ Yoast SEO plugin. -->","yoast_head_json":{"title":"Sobre nosotros - Postcron \u2013 Blog de Marketing en Redes Sociales y de Marketing Digital","robots":{"index":"index","follow":"follow","max-snippet":"max-snippet:-1","max-image-preview":"max-image-preview:large","max-video-preview":"max-video-preview:-1"},"canonical":"https:\/\/postcron.com\/es\/blog\/sobre-nosotros\/","og_locale":"es_ES","og_type":"article","og_title":"Sobre nosotros - Postcron \u2013 Blog de Marketing en Redes Sociales y de Marketing Digital","og_description":"ESTO ES POSTCRON El G\u00e9nesis de Postcron Postcron fue creada en Amsterdam por Alejandro Rigatusso y luego de conseguir gran presencia en el mercado mundial fue adquirida por SocialToolsUSA Inc. Lucas Emma y Germ\u00e1n Merlo (fundadores de SocialTools.me) coincidieron en que Postcron.com era la herramienta que har\u00eda feliz a millones de personas permiti\u00e9ndoles ahorrar mucho [&hellip;]","og_url":"https:\/\/postcron.com\/es\/blog\/sobre-nosotros\/","og_site_name":"Postcron \u2013 Blog de Marketing en Redes Sociales y de Marketing Digital","article_modified_time":"2019-02-11T18:25:01+00:00","og_image":[{"url":"https:\/\/s3.postcron.com\/blog-es\/2016\/07\/leaders_01.jpg","type":"","width":"","height":""}],"twitter_card":"summary_large_image","twitter_misc":{"Tiempo de lectura":"1 minuto"},"schema":{"@context":"https:\/\/schema.org","@graph":[{"@type":"WebPage","@id":"https:\/\/postcron.com\/es\/blog\/sobre-nosotros\/","url":"https:\/\/postcron.com\/es\/blog\/sobre-nosotros\/","name":"Sobre nosotros - Postcron \u2013 Blog de Marketing en Redes Sociales y de Marketing Digital","isPartOf":{"@id":"https:\/\/postcron.com\/es\/blog\/#website"},"primaryImageOfPage":{"@id":"https:\/\/postcron.com\/es\/blog\/sobre-nosotros\/#primaryimage"},"image":{"@id":"https:\/\/postcron.com\/es\/blog\/sobre-nosotros\/#primaryimage"},"thumbnailUrl":"https:\/\/s3.postcron.com\/blog-es\/2016\/07\/leaders_01.jpg","datePublished":"2016-06-02T15:28:26+00:00","dateModified":"2019-02-11T18:25:01+00:00","breadcrumb":{"@id":"https:\/\/postcron.com\/es\/blog\/sobre-nosotros\/#breadcrumb"},"inLanguage":"es-AR","potentialAction":[{"@type":"ReadAction","target":["https:\/\/postcron.com\/es\/blog\/sobre-nosotros\/"]}]},{"@type":"ImageObject","inLanguage":"es-AR","@id":"https:\/\/postcron.com\/es\/blog\/sobre-nosotros\/#primaryimage","url":"https:\/\/s3.postcron.com\/blog-es\/2016\/07\/leaders_01.jpg","contentUrl":"https:\/\/s3.postcron.com\/blog-es\/2016\/07\/leaders_01.jpg"},{"@type":"BreadcrumbList","@id":"https:\/\/postcron.com\/es\/blog\/sobre-nosotros\/#breadcrumb","itemListElement":[{"@type":"ListItem","position":1,"name":"Inicio","item":"https:\/\/postcron.com\/es\/blog\/"},{"@type":"ListItem","position":2,"name":"Sobre nosotros"}]},{"@type":"WebSite","@id":"https:\/\/postcron.com\/es\/blog\/#website","url":"https:\/\/postcron.com\/es\/blog\/","name":"Postcron \u2013 Blog de Marketing en Redes Sociales y de Marketing Digital","description":"","potentialAction":[{"@type":"SearchAction","target":{"@type":"EntryPoint","urlTemplate":"https:\/\/postcron.com\/es\/blog\/?s={search_term_string}"},"query-input":{"@type":"PropertyValueSpecification","valueRequired":true,"valueName":"search_term_string"}}],"inLanguage":"es-AR"}]}},"_links":{"self":[{"href":"https:\/\/postcron.com\/es\/blog\/wp-json\/wp\/v2\/pages\/7489","targetHints":{"allow":["GET"]}}],"collection":[{"href":"https:\/\/postcron.com\/es\/blog\/wp-json\/wp\/v2\/pages"}],"about":[{"href":"https:\/\/postcron.com\/es\/blog\/wp-json\/wp\/v2\/types\/page"}],"author":[{"embeddable":true,"href":"https:\/\/postcron.com\/es\/blog\/wp-json\/wp\/v2\/users\/1"}],"replies":[{"embeddable":true,"href":"https:\/\/postcron.com\/es\/blog\/wp-json\/wp\/v2\/comments?post=7489"}],"version-history":[{"count":95,"href":"https:\/\/postcron.com\/es\/blog\/wp-json\/wp\/v2\/pages\/7489\/revisions"}],"predecessor-version":[{"id":13323,"href":"https:\/\/postcron.com\/es\/blog\/wp-json\/wp\/v2\/pages\/7489\/revisions\/13323"}],"wp:attachment":[{"href":"https:\/\/postcron.com\/es\/blog\/wp-json\/wp\/v2\/media?parent=7489"}],"curies":[{"name":"wp","href":"https:\/\/api.w.org\/{rel}","templated":true}]}}