
{"id":7661,"date":"2016-06-03T18:27:36","date_gmt":"2016-06-03T18:27:36","guid":{"rendered":"https:\/\/postcron.com\/es\/blog\/?page_id=7661"},"modified":"2016-07-05T20:27:02","modified_gmt":"2016-07-05T20:27:02","slug":"piezas-de-identidad","status":"publish","type":"page","link":"https:\/\/postcron.com\/es\/blog\/piezas-de-identidad\/","title":{"rendered":"Piezas de identidad"},"content":{"rendered":"<div class=\"own-page\">\n<div class=\"container-fluid header\">\n<h1>Piezas de identidad<\/h1>\n<\/div>\n<div class=\"container\">\n<div class=\"col-lg-8 col-lg-offset-2\">\n<h2>Marca<\/h2>\n<p class=\"lead\">As\u00ed es como debes escribirlo<\/p>\n<table class=\"table table-bordered\">\n<tbody>\n<tr>\n<th scope=\"row\">Postcron<\/th>\n<td class=\"success\"><span class=\"glyphicon glyphicon-ok-circle text-success\"><\/span><\/td>\n<\/tr>\n<tr>\n<th scope=\"row\">PostCron<\/th>\n<td class=\"warning\"><span class=\"glyphicon glyphicon-ban-circle text-danger\"> <\/span><\/td>\n<\/tr>\n<tr>\n<th scope=\"row\">Post Cron<\/th>\n<td class=\"warning\"><span class=\"glyphicon glyphicon-ban-circle text-danger\"><\/span><\/td>\n<\/tr>\n<\/tbody>\n<\/table>\n<\/div>\n<div class=\"col-lg-8 col-lg-offset-2\">\n<hr>\n<h2>Isologotipo<\/h2>\n<p class=\"lead\">Si\u00e9ntete libre de usarlo, pero usalo como se debe<\/p>\n<p>We provide two versions. Use the format that best fits the colors you&#8217;re working with.<br \/>\nThe green logo goes on white or light background and the white logo goes on anything else.<br \/>\nPlease do not manipulate the logo in any way. Thanks!<\/p>\n<p><img decoding=\"async\" alt=\"Postcron\" width=\"250px\" src=\"https:\/\/s3.postcron.com\/blog-es\/2016\/06\/postcron_logo_preview.png\" class=\"img-thumbnail\"\/><\/p>\n<p><a class=\"btn btn-md btn-default\" href=\"https:\/\/s3.postcron.com\/blog-es\/2016\/06\/postcron_logo.ai_.zip\"><span class=\"glyphicon glyphicon-download-alt\"><\/span> DESCARGAR<\/a><\/p>\n<\/div>\n<div class=\"col-lg-8 col-lg-offset-2\">\n<hr>\n<h2>Paleta de colores<\/h2>\n<p class=\"lead\">El naranja de Postcron es #F70<\/p>\n<p>Preferimos un toque de naranja con mucho blanco. Dise\u00f1os simples<\/p>\n<table class=\"table table-bordered\">\n<tbody>\n<tr>\n<th scope=\"row\" style=\"background-color:#f70\"><\/th>\n<td>#F70<\/td>\n<td>Branding principal, header, H1<\/td>\n<\/tr>\n<tr>\n<th scope=\"row\" style=\"background-color:#f90\"><\/th>\n<td>#F90<\/td>\n<td>Elementos sutiles y secundarios de branding<\/td>\n<\/tr>\n<tr>\n<th scope=\"row\" style=\"background-color:#544\"><\/th>\n<td>#544<\/td>\n<td>Footer<\/td>\n<\/tr>\n<tr>\n<th scope=\"row\" style=\"background-color:#fff\"><\/th>\n<td>#FFF<\/td>\n<td>Background general<\/td>\n<\/tr>\n<tr>\n<th scope=\"row\" style=\"background-color:#666\"><\/th>\n<td>#666<\/td>\n<td>Color de fuente<\/td>\n<\/tr>\n<tr>\n<th scope=\"row\" style=\"background-color:#8B2\"><\/th>\n<td>#8B2<\/td>\n<td>Calls to action principales<\/td>\n<\/tr>\n<\/tbody>\n<\/table>\n<\/div>\n<div class=\"col-lg-8 col-lg-offset-2\">\n<hr>\n<h2>Tipograf\u00eda<\/h2>\n<p class=\"lead\">La tipograf\u00eda que usamos es una GoogleFont llamada <strong>Montserrat<\/strong><\/p>\n<ul>\n<li>ABCDEFGHIJKLMNOPQRSTUVWXYZ<\/li>\n<li>abcdefghijklmnopqrstuv<\/li>\n<li>1234567890<\/li>\n<\/ul>\n<p><small>Link para incluir la tipograf\u00eda<\/small><\/p>\n<p><span class=\"label label-default\">https:\/\/fonts.googleapis.com\/css?family=Montserrat:400,700<\/span>\n<\/div>\n<div class=\"col-lg-8 col-lg-offset-2\">\n<hr>\n<h2>Legal<\/h2>\n<p class=\"lead\">Marca registrada y gu\u00edas de uso para licencias, prensa y terceras partes<\/p>\n<p>El nombre Postcron\u00ae est\u00e1 ampliamente asociado a un software de gesti\u00f3n de contenido en Redes Sociales de alta calidad. Esta y otras marcas registradas de SocialToolsUSA, Inc. (\u201cTrademarks\u201d) son valiosas y representan un importante activo de propiedad intelectual para la Compa\u00f1\u00eda. Un uniforme (y apropiado) uso de nuestras marcas registradas es la clave para mantener la asociaci\u00f3n entre la marca y la calidad de nuestros productos.<\/p>\n<\/div>\n<\/div>\n<hr>\n<p>[juiz_sps current=&#8221;0&#8243; counters=&#8221;1&#8243; buttons=&#8221;facebook, twitter, google, linkedin&#8221;]\n<\/p><\/div>\n","protected":false},"excerpt":{"rendered":"<p>Piezas de identidad Marca As\u00ed es como debes escribirlo Postcron PostCron Post Cron Isologotipo Si\u00e9ntete libre de usarlo, pero usalo como se debe We provide two versions. Use the format that best fits the colors you&#8217;re working with. The green logo goes on white or light background and the white logo goes on anything else. [&hellip;]<\/p>\n","protected":false},"author":1,"featured_media":0,"parent":0,"menu_order":0,"comment_status":"closed","ping_status":"closed","template":"","meta":{"two_page_speed":[],"footnotes":""},"class_list":["post-7661","page","type-page","status-publish","hentry"],"yoast_head":"<!-- This site is optimized with the Yoast SEO plugin v24.8.1 - https:\/\/yoast.com\/wordpress\/plugins\/seo\/ -->\n<title>Piezas de identidad - Postcron \u2013 Blog de Marketing en Redes Sociales y de Marketing Digital<\/title>\n<meta name=\"robots\" content=\"index, follow, max-snippet:-1, max-image-preview:large, max-video-preview:-1\" \/>\n<link rel=\"canonical\" href=\"https:\/\/postcron.com\/es\/blog\/piezas-de-identidad\/\" \/>\n<meta property=\"og:locale\" content=\"es_ES\" \/>\n<meta property=\"og:type\" content=\"article\" \/>\n<meta property=\"og:title\" content=\"Piezas de identidad - Postcron \u2013 Blog de Marketing en Redes Sociales y de Marketing Digital\" \/>\n<meta property=\"og:description\" content=\"Piezas de identidad Marca As\u00ed es como debes escribirlo Postcron PostCron Post Cron Isologotipo Si\u00e9ntete libre de usarlo, pero usalo como se debe We provide two versions. Use the format that best fits the colors you&#8217;re working with. The green logo goes on white or light background and the white logo goes on anything else. [&hellip;]\" \/>\n<meta property=\"og:url\" content=\"https:\/\/postcron.com\/es\/blog\/piezas-de-identidad\/\" \/>\n<meta property=\"og:site_name\" content=\"Postcron \u2013 Blog de Marketing en Redes Sociales y de Marketing Digital\" \/>\n<meta property=\"article:modified_time\" content=\"2016-07-05T20:27:02+00:00\" \/>\n<meta property=\"og:image\" content=\"https:\/\/s3.postcron.com\/blog-es\/2016\/06\/postcron_logo_preview.png\" \/>\n<meta name=\"twitter:card\" content=\"summary_large_image\" \/>\n<meta name=\"twitter:label1\" content=\"Tiempo de lectura\" \/>\n\t<meta name=\"twitter:data1\" content=\"1 minuto\" \/>\n<script type=\"application\/ld+json\" class=\"yoast-schema-graph\">{\"@context\":\"https:\/\/schema.org\",\"@graph\":[{\"@type\":\"WebPage\",\"@id\":\"https:\/\/postcron.com\/es\/blog\/piezas-de-identidad\/\",\"url\":\"https:\/\/postcron.com\/es\/blog\/piezas-de-identidad\/\",\"name\":\"Piezas de identidad - Postcron \u2013 Blog de Marketing en Redes Sociales y de Marketing Digital\",\"isPartOf\":{\"@id\":\"https:\/\/postcron.com\/es\/blog\/#website\"},\"primaryImageOfPage\":{\"@id\":\"https:\/\/postcron.com\/es\/blog\/piezas-de-identidad\/#primaryimage\"},\"image\":{\"@id\":\"https:\/\/postcron.com\/es\/blog\/piezas-de-identidad\/#primaryimage\"},\"thumbnailUrl\":\"https:\/\/s3.postcron.com\/blog-es\/2016\/06\/postcron_logo_preview.png\",\"datePublished\":\"2016-06-03T18:27:36+00:00\",\"dateModified\":\"2016-07-05T20:27:02+00:00\",\"breadcrumb\":{\"@id\":\"https:\/\/postcron.com\/es\/blog\/piezas-de-identidad\/#breadcrumb\"},\"inLanguage\":\"es-AR\",\"potentialAction\":[{\"@type\":\"ReadAction\",\"target\":[\"https:\/\/postcron.com\/es\/blog\/piezas-de-identidad\/\"]}]},{\"@type\":\"ImageObject\",\"inLanguage\":\"es-AR\",\"@id\":\"https:\/\/postcron.com\/es\/blog\/piezas-de-identidad\/#primaryimage\",\"url\":\"https:\/\/s3.postcron.com\/blog-es\/2016\/06\/postcron_logo_preview.png\",\"contentUrl\":\"https:\/\/s3.postcron.com\/blog-es\/2016\/06\/postcron_logo_preview.png\"},{\"@type\":\"BreadcrumbList\",\"@id\":\"https:\/\/postcron.com\/es\/blog\/piezas-de-identidad\/#breadcrumb\",\"itemListElement\":[{\"@type\":\"ListItem\",\"position\":1,\"name\":\"Inicio\",\"item\":\"https:\/\/postcron.com\/es\/blog\/\"},{\"@type\":\"ListItem\",\"position\":2,\"name\":\"Piezas de identidad\"}]},{\"@type\":\"WebSite\",\"@id\":\"https:\/\/postcron.com\/es\/blog\/#website\",\"url\":\"https:\/\/postcron.com\/es\/blog\/\",\"name\":\"Postcron \u2013 Blog de Marketing en Redes Sociales y de Marketing Digital\",\"description\":\"\",\"potentialAction\":[{\"@type\":\"SearchAction\",\"target\":{\"@type\":\"EntryPoint\",\"urlTemplate\":\"https:\/\/postcron.com\/es\/blog\/?s={search_term_string}\"},\"query-input\":{\"@type\":\"PropertyValueSpecification\",\"valueRequired\":true,\"valueName\":\"search_term_string\"}}],\"inLanguage\":\"es-AR\"}]}<\/script>\n<!-- \/ Yoast SEO plugin. -->","yoast_head_json":{"title":"Piezas de identidad - Postcron \u2013 Blog de Marketing en Redes Sociales y de Marketing Digital","robots":{"index":"index","follow":"follow","max-snippet":"max-snippet:-1","max-image-preview":"max-image-preview:large","max-video-preview":"max-video-preview:-1"},"canonical":"https:\/\/postcron.com\/es\/blog\/piezas-de-identidad\/","og_locale":"es_ES","og_type":"article","og_title":"Piezas de identidad - Postcron \u2013 Blog de Marketing en Redes Sociales y de Marketing Digital","og_description":"Piezas de identidad Marca As\u00ed es como debes escribirlo Postcron PostCron Post Cron Isologotipo Si\u00e9ntete libre de usarlo, pero usalo como se debe We provide two versions. Use the format that best fits the colors you&#8217;re working with. The green logo goes on white or light background and the white logo goes on anything else. [&hellip;]","og_url":"https:\/\/postcron.com\/es\/blog\/piezas-de-identidad\/","og_site_name":"Postcron \u2013 Blog de Marketing en Redes Sociales y de Marketing Digital","article_modified_time":"2016-07-05T20:27:02+00:00","og_image":[{"url":"https:\/\/s3.postcron.com\/blog-es\/2016\/06\/postcron_logo_preview.png","type":"","width":"","height":""}],"twitter_card":"summary_large_image","twitter_misc":{"Tiempo de lectura":"1 minuto"},"schema":{"@context":"https:\/\/schema.org","@graph":[{"@type":"WebPage","@id":"https:\/\/postcron.com\/es\/blog\/piezas-de-identidad\/","url":"https:\/\/postcron.com\/es\/blog\/piezas-de-identidad\/","name":"Piezas de identidad - Postcron \u2013 Blog de Marketing en Redes Sociales y de Marketing Digital","isPartOf":{"@id":"https:\/\/postcron.com\/es\/blog\/#website"},"primaryImageOfPage":{"@id":"https:\/\/postcron.com\/es\/blog\/piezas-de-identidad\/#primaryimage"},"image":{"@id":"https:\/\/postcron.com\/es\/blog\/piezas-de-identidad\/#primaryimage"},"thumbnailUrl":"https:\/\/s3.postcron.com\/blog-es\/2016\/06\/postcron_logo_preview.png","datePublished":"2016-06-03T18:27:36+00:00","dateModified":"2016-07-05T20:27:02+00:00","breadcrumb":{"@id":"https:\/\/postcron.com\/es\/blog\/piezas-de-identidad\/#breadcrumb"},"inLanguage":"es-AR","potentialAction":[{"@type":"ReadAction","target":["https:\/\/postcron.com\/es\/blog\/piezas-de-identidad\/"]}]},{"@type":"ImageObject","inLanguage":"es-AR","@id":"https:\/\/postcron.com\/es\/blog\/piezas-de-identidad\/#primaryimage","url":"https:\/\/s3.postcron.com\/blog-es\/2016\/06\/postcron_logo_preview.png","contentUrl":"https:\/\/s3.postcron.com\/blog-es\/2016\/06\/postcron_logo_preview.png"},{"@type":"BreadcrumbList","@id":"https:\/\/postcron.com\/es\/blog\/piezas-de-identidad\/#breadcrumb","itemListElement":[{"@type":"ListItem","position":1,"name":"Inicio","item":"https:\/\/postcron.com\/es\/blog\/"},{"@type":"ListItem","position":2,"name":"Piezas de identidad"}]},{"@type":"WebSite","@id":"https:\/\/postcron.com\/es\/blog\/#website","url":"https:\/\/postcron.com\/es\/blog\/","name":"Postcron \u2013 Blog de Marketing en Redes Sociales y de Marketing Digital","description":"","potentialAction":[{"@type":"SearchAction","target":{"@type":"EntryPoint","urlTemplate":"https:\/\/postcron.com\/es\/blog\/?s={search_term_string}"},"query-input":{"@type":"PropertyValueSpecification","valueRequired":true,"valueName":"search_term_string"}}],"inLanguage":"es-AR"}]}},"_links":{"self":[{"href":"https:\/\/postcron.com\/es\/blog\/wp-json\/wp\/v2\/pages\/7661","targetHints":{"allow":["GET"]}}],"collection":[{"href":"https:\/\/postcron.com\/es\/blog\/wp-json\/wp\/v2\/pages"}],"about":[{"href":"https:\/\/postcron.com\/es\/blog\/wp-json\/wp\/v2\/types\/page"}],"author":[{"embeddable":true,"href":"https:\/\/postcron.com\/es\/blog\/wp-json\/wp\/v2\/users\/1"}],"replies":[{"embeddable":true,"href":"https:\/\/postcron.com\/es\/blog\/wp-json\/wp\/v2\/comments?post=7661"}],"version-history":[{"count":39,"href":"https:\/\/postcron.com\/es\/blog\/wp-json\/wp\/v2\/pages\/7661\/revisions"}],"predecessor-version":[{"id":8321,"href":"https:\/\/postcron.com\/es\/blog\/wp-json\/wp\/v2\/pages\/7661\/revisions\/8321"}],"wp:attachment":[{"href":"https:\/\/postcron.com\/es\/blog\/wp-json\/wp\/v2\/media?parent=7661"}],"curies":[{"name":"wp","href":"https:\/\/api.w.org\/{rel}","templated":true}]}}